{"id":5182,"date":"2018-12-19T14:11:20","date_gmt":"2018-12-19T14:11:20","guid":{"rendered":"https:\/\/almavista.si\/art-design\/"},"modified":"2026-02-13T11:47:31","modified_gmt":"2026-02-13T11:47:31","slug":"art-design","status":"publish","type":"page","link":"https:\/\/almavista.si\/sl\/art-design\/","title":{"rendered":"Umetnost + oblikovanje"},"content":{"rendered":"<div class=\"wpb-content-wrapper\"><p>[vc_row anchor_button=&#8221;yes&#8221; anchor_button_text=&#8221;SCROLL DOWN&#8221; css=&#8221;.vc_custom_1565092692331{margin-right: 40px !important;margin-left: 40px !important;}&#8221; anchor_button_section=&#8221;property&#8221; parallax_background_image=&#8221;5791&#8243;][vc_column]<div class=\"mkdf-elements-holder   mkdf-one-column  mkdf-responsive-mode-768 \" ><div class=\"mkdf-eh-item    \"  data-item-class=\"mkdf-eh-custom-8946\" data-1280-1600=\"15% 0 13.5%\" data-1024-1280=\"14% 0 11.5%\" data-768-1024=\"19% 0\" data-680-768=\"46% 0\" data-680=\"60% 0\">\n\t<div class=\"mkdf-eh-item-inner\">\n\t\t<div class=\"mkdf-eh-item-content mkdf-eh-custom-8946\" style=\"padding: 20.5% 0 16%\">\n\t\t\t\n<div class=\"mkdf-property-info-text-holder mkdf-light-skin\">\n                <div class=\"mkdf-property-info-text-item\">\n                <div class=\"mkdf-pit-main-content\">\n                    <div class=\"mkdf-pit-category-holder\">\n                        <div class=\"mkdf-svg-separator-holder mkdf-svg-separator-small\">\n    <div class=\"mkdf-svg-separator mkdf-svg-frames-class\" data-svg-frames=\"15\" data-svg-drawing=\"yes\" >\n        <svg version=\"1.1\"  id=\"layer_775\" xmlns=\"http:\/\/www.w3.org\/2000\/svg\" xmlns:xlink=\"http:\/\/www.w3.org\/1999\/xlink\" x=\"0px\" y=\"0px\"\n             width=\"65.167px\" height=\"11.917px\" viewBox=\"0 0 65.167 11.917\" enable-background=\"new 0 0 65.167 11.917\" xml:space=\"preserve\">\n            <path fill=\"none\" stroke=\"#010101\" stroke-width=\"1\" stroke-miterlimit=\"3\" d=\"M1.045,9.833 9.295,2.083 17.295,9.833\n            24.295,2.083 32.291,9.833 39.294,2.083 47.294,9.833 54.294,2.083 64.287,9.833 \"\/>\n        <\/svg>\n    <\/div>\n<\/div>                                                            <a itemprop=\"url\" class=\"mkdf-pit-category\" href=\"https:\/\/almavista.si\/property-category\/creativity\/\">CREATIVITY<\/a>\n                                                    <div class=\"mkdf-svg-separator-holder mkdf-svg-separator-small\">\n    <div class=\"mkdf-svg-separator mkdf-svg-frames-class\" data-svg-frames=\"15\" data-svg-drawing=\"yes\" >\n        <svg version=\"1.1\"  id=\"layer_447\" xmlns=\"http:\/\/www.w3.org\/2000\/svg\" xmlns:xlink=\"http:\/\/www.w3.org\/1999\/xlink\" x=\"0px\" y=\"0px\"\n             width=\"65.167px\" height=\"11.917px\" viewBox=\"0 0 65.167 11.917\" enable-background=\"new 0 0 65.167 11.917\" xml:space=\"preserve\">\n            <path fill=\"none\" stroke=\"#010101\" stroke-width=\"1\" stroke-miterlimit=\"3\" d=\"M1.045,9.833 9.295,2.083 17.295,9.833\n            24.295,2.083 32.291,9.833 39.294,2.083 47.294,9.833 54.294,2.083 64.287,9.833 \"\/>\n        <\/svg>\n    <\/div>\n<\/div>                    <\/div>\n                    <div class=\"mkdf-pit-title-holder\">\n                        <div itemprop=\"name\" class=\"mkdf-pit-title entry-title\" style=\"text-transform: uppercase\">\n                            Du\u0161a vile                        <\/div>\n                    <\/div>\n                <\/div>\n            <\/div>\n            <\/div>\n\t\t<\/div>\n\t<\/div>\n<\/div><\/div>[\/vc_column][\/vc_row][vc_row row_content_width=&#8221;grid&#8221;][vc_column width=&#8221;1\/2&#8243;]<div class=\"mkdf-elements-holder   mkdf-one-column  mkdf-responsive-mode-768 \" ><div class=\"mkdf-eh-item logos-slider-section p-d-17-mobile-0  mkdf-horizontal-alignment-center \"  data-item-class=\"mkdf-eh-custom-6783\">\n\t<div class=\"mkdf-eh-item-inner\">\n\t\t<div class=\"mkdf-eh-item-content mkdf-eh-custom-6783\" >\n\t\t\t[vc_empty_space height=&#8221;140px&#8221; el_class=&#8221;hidden-on-mobile&#8221;][vc_empty_space height=&#8221;100px&#8221; el_class=&#8221;hidden-on-desktop&#8221;][vc_empty_space height=&#8221;10px&#8221;]\t\t<\/div>\n\t<\/div>\n<\/div><\/div>[\/vc_column][vc_column width=&#8221;1\/2&#8243;][vc_empty_space height=&#8221;140px&#8221; el_class=&#8221;hidden-on-mobile&#8221;][vc_empty_space height=&#8221;100px&#8221; el_class=&#8221;hidden-on-desktop&#8221;][\/vc_column][\/vc_row][vc_row row_content_width=&#8221;grid&#8221; css=&#8221;.vc_custom_1544618835169{padding-top: 10px !important;}&#8221;][vc_column]<div class=\"mkdf-elements-holder   mkdf-one-column  mkdf-responsive-mode-768 \" ><div class=\"mkdf-eh-item p-d-17-mobile-0  mkdf-horizontal-alignment-center \"  data-item-class=\"mkdf-eh-custom-4818\">\n\t<div class=\"mkdf-eh-item-inner\">\n\t\t<div class=\"mkdf-eh-item-content mkdf-eh-custom-4818\" >\n\t\t\t<div class=\"mkdf-section-title-holder  mkdf-st-standard mkdf-st-title-left mkdf-st-normal-space \" style=\"text-align: center\">\n\t<div class=\"mkdf-st-inner\">\n                    <h6 class=\"mkdf-st-subtitle\" >\n                UMETNI\u0160KA DELA V VILI            <\/h6>\n        \t\t\t\t\t<h1 class=\"mkdf-st-title\" >\n\t\t\t\tUmetnost in vila\t\t\t<\/h1>\n\t\t        <div class=\"mkdf-svg-separator-holder mkdf-svg-separator-small\">\n    <div class=\"mkdf-svg-separator mkdf-svg-frames-class\" data-svg-frames=\"15\" data-svg-drawing=\"yes\" >\n        <svg version=\"1.1\"  id=\"layer_672\" xmlns=\"http:\/\/www.w3.org\/2000\/svg\" xmlns:xlink=\"http:\/\/www.w3.org\/1999\/xlink\" x=\"0px\" y=\"0px\"\n             width=\"65.167px\" height=\"11.917px\" viewBox=\"0 0 65.167 11.917\" enable-background=\"new 0 0 65.167 11.917\" xml:space=\"preserve\">\n            <path fill=\"none\" stroke=\"#010101\" stroke-width=\"1\" stroke-miterlimit=\"3\" d=\"M1.045,9.833 9.295,2.083 17.295,9.833\n            24.295,2.083 32.291,9.833 39.294,2.083 47.294,9.833 54.294,2.083 64.287,9.833 \"\/>\n        <\/svg>\n    <\/div>\n<\/div>\t\t\t<\/div>\n<\/div>[vc_empty_space height=&#8221;12px&#8221;][vc_column_text]<\/p>\n<div style=\"text-align: center;\">\n<p class=\"p1\">Na vsakem koraku vas spremljajo dela doma\u010dih in tujih ustvarjalcev, umetnikov in oblikovalcev, ki s svojo kreativnostjo dajejo vili poseben \u010dar in do\u017eivetje.<\/p>\n<p class=\"p1\">Vila zdru\u017euje dela uveljavljenih umetnikov, kot so:<\/p>\n<ul>\n<li class=\"p1\" style=\"text-align: left;\">Jo\u017ee \u0160ubic,<\/li>\n<li class=\"p1\" style=\"text-align: left;\"><a href=\"http:\/\/www.bojanakrizanec.com\/\"><span class=\"s1\">Bojana Kri\u017eanec<\/span><\/a>,<\/li>\n<li class=\"p1\" style=\"text-align: left;\"><a href=\"https:\/\/almavista.si\/sl\/experiences\/delavnica-slikanja-z-etkom-tutto\/\"><span class=\"s1\">Etko Tutta<\/span><\/a><span class=\"s2\">,<\/span><\/li>\n<li class=\"p1\" style=\"text-align: left;\">Kristina Mesaro\u0161,<\/li>\n<li class=\"p1\" style=\"text-align: left;\"><a href=\"https:\/\/leylamahat.wixsite.com\/leyla-mahat\"><span class=\"s1\">Leyla Mahat<\/span><\/a><span class=\"s2\">,<\/span><\/li>\n<li class=\"p1\" style=\"text-align: left;\">Andreja Barto\u0161ova,<\/li>\n<li class=\"p1\" style=\"text-align: left;\"><a href=\"https:\/\/www.korsig.com\/category\/news\/\" target=\"_blank\" rel=\"noopener noreferrer\">Bodo Korsig<\/a>,<\/li>\n<li class=\"p1\" style=\"text-align: left;\">Darkhan Rukholliyev,<\/li>\n<li class=\"p1\" style=\"text-align: left;\">Mustafina Saule Mazhitovna,<\/li>\n<li class=\"p1\" style=\"text-align: left;\">Saulet Zhanibek,<\/li>\n<li style=\"text-align: left;\"><a href=\"https:\/\/borisgg.com\/\" target=\"_blank\" rel=\"noopener noreferrer\">Boris Grozdani\u010d Gorjan,<\/a><\/li>\n<li style=\"text-align: left;\">Jur Samec in<\/li>\n<li style=\"text-align: left;\"><a href=\"https:\/\/www.klemenbrun.com\/\" target=\"_blank\" rel=\"noopener noreferrer\">Klemen Brun<\/a><\/li>\n<li style=\"text-align: left;\">Lore Stesel (BE)<\/li>\n<li style=\"text-align: left;\">Maru\u0161a \u0160tibelj (SI)<\/li>\n<li style=\"text-align: left;\">Marliyn Van Zadelhoff (NL)<\/li>\n<li style=\"text-align: left;\">Ellen Vrijsen (BE)<\/li>\n<\/ul>\n<p style=\"text-align: left;\">S prefinjenimi detajli nagrajenih oblikovalcev KAAITA, NIIRO JEWELRY in Jagababa. Buti\u010dna trgovina \/ galerija v vili pa ponuja tudi izbor ro\u010dnih del s skupno tematiko trajnostnega razvoja, ustvarjalnosti in domi\u0161ljije.<\/p>\n<\/div>\n<p>[\/vc_column_text][vc_empty_space height=&#8221;36px&#8221;]\t\t<\/div>\n\t<\/div>\n<\/div><\/div>[\/vc_column][\/vc_row][vc_row row_content_width=&#8221;grid&#8221;][vc_column]<div class=\"mkdf-elements-holder   mkdf-one-column  mkdf-responsive-mode-768 \" ><div class=\"mkdf-eh-item    \"  data-item-class=\"mkdf-eh-custom-8544\">\n\t<div class=\"mkdf-eh-item-inner\">\n\t\t<div class=\"mkdf-eh-item-content mkdf-eh-custom-8544\" >\n\t\t\t[vc_empty_space height=&#8221;10px&#8221;]<div class=\"mkdf-image-gallery  mkdf-ig-slider-type mkdf-medium-space  \">\n\t<div class=\"mkdf-ig-slider mkdf-owl-slider\" data-number-of-items=\"1\" data-enable-loop=\"yes\" data-enable-autoplay=\"no\" data-slider-speed=\"5000\" data-slider-speed-animation=\"600\" data-slider-padding=\"yes\" data-enable-navigation=\"yes\" data-enable-pagination=\"yes\">\n\t\t\t\t\t<div class=\"mkdf-ig-image\">\n\t\t\t\t\t\t\t\t\t<img loading=\"lazy\" decoding=\"async\" src=\"https:\/\/almavista.si\/wp-content\/uploads\/2023\/02\/MG_4302-1-768x1024.jpg\" alt=\"\" width=\"768\" height=\"1024\" \/>\t\t\t\t\t\t\t<\/div>\n\t\t\t\t\t<div class=\"mkdf-ig-image\">\n\t\t\t\t\t\t\t\t\t<img loading=\"lazy\" decoding=\"async\" src=\"https:\/\/almavista.si\/wp-content\/uploads\/2023\/02\/DSCF5972-768x1024.jpg\" alt=\"\" width=\"768\" height=\"1024\" \/>\t\t\t\t\t\t\t<\/div>\n\t\t\t\t\t<div class=\"mkdf-ig-image\">\n\t\t\t\t\t\t\t\t\t<img loading=\"lazy\" decoding=\"async\" src=\"https:\/\/almavista.si\/wp-content\/uploads\/2023\/02\/DSCF5987-768x1024.jpg\" alt=\"\" width=\"768\" height=\"1024\" \/>\t\t\t\t\t\t\t<\/div>\n\t\t\t\t\t<div class=\"mkdf-ig-image\">\n\t\t\t\t\t\t\t\t\t<img loading=\"lazy\" decoding=\"async\" src=\"https:\/\/almavista.si\/wp-content\/uploads\/2023\/02\/DSCF5995-768x1024.jpg\" alt=\"\" width=\"768\" height=\"1024\" \/>\t\t\t\t\t\t\t<\/div>\n\t\t\t\t\t<div class=\"mkdf-ig-image\">\n\t\t\t\t\t\t\t\t\t<img loading=\"lazy\" decoding=\"async\" src=\"https:\/\/almavista.si\/wp-content\/uploads\/2023\/02\/DSCF5998-768x1024.jpg\" alt=\"\" width=\"768\" height=\"1024\" \/>\t\t\t\t\t\t\t<\/div>\n\t\t\t\t\t<div class=\"mkdf-ig-image\">\n\t\t\t\t\t\t\t\t\t<img loading=\"lazy\" decoding=\"async\" src=\"https:\/\/almavista.si\/wp-content\/uploads\/2023\/11\/DSCF5984-768x1024.jpg\" alt=\"\" width=\"768\" height=\"1024\" \/>\t\t\t\t\t\t\t<\/div>\n\t\t\t\t\t<div class=\"mkdf-ig-image\">\n\t\t\t\t\t\t\t\t\t<img loading=\"lazy\" decoding=\"async\" src=\"https:\/\/almavista.si\/wp-content\/uploads\/2023\/11\/DSCF5970-768x1024.jpg\" alt=\"\" width=\"768\" height=\"1024\" \/>\t\t\t\t\t\t\t<\/div>\n\t\t\t\t\t<div class=\"mkdf-ig-image\">\n\t\t\t\t\t\t\t\t\t<img loading=\"lazy\" decoding=\"async\" src=\"https:\/\/almavista.si\/wp-content\/uploads\/2023\/11\/DSCF5979-768x1024.jpg\" alt=\"\" width=\"768\" height=\"1024\" \/>\t\t\t\t\t\t\t<\/div>\n\t\t\t\t\t<div class=\"mkdf-ig-image\">\n\t\t\t\t\t\t\t\t\t<img loading=\"lazy\" decoding=\"async\" src=\"https:\/\/almavista.si\/wp-content\/uploads\/2023\/11\/DSCF5980-768x1024.jpg\" alt=\"\" width=\"768\" height=\"1024\" \/>\t\t\t\t\t\t\t<\/div>\n\t\t\t<\/div>\n<\/div>[vc_empty_space height=&#8221;150px&#8221; el_class=&#8221;hidden-on-mobile&#8221;][vc_empty_space height=&#8221;100px&#8221; el_class=&#8221;hidden-on-desktop&#8221;]\t\t<\/div>\n\t<\/div>\n<\/div><\/div>[\/vc_column][\/vc_row]<\/p>\n<\/div>","protected":false},"excerpt":{"rendered":"<p>[vc_row anchor_button=&#8221;yes&#8221; anchor_button_text=&#8221;SCROLL DOWN&#8221; css=&#8221;.vc_custom_1565092692331{margin-right: 40px !important;margin-left: 40px !important;}&#8221; anchor_button_section=&#8221;property&#8221; parallax_background_image=&#8221;5791&#8243;][vc_column][\/vc_column][\/vc_row][vc_row row_content_width=&#8221;grid&#8221;][vc_column width=&#8221;1\/2&#8243;][\/vc_column][vc_column width=&#8221;1\/2&#8243;][vc_empty_space height=&#8221;140px&#8221; el_class=&#8221;hidden-on-mobile&#8221;][vc_empty_space height=&#8221;100px&#8221; el_class=&#8221;hidden-on-desktop&#8221;][\/vc_column][\/vc_row][vc_row row_content_width=&#8221;grid&#8221; css=&#8221;.vc_custom_1544618835169{padding-top: 10px !important;}&#8221;][vc_column][\/vc_column][\/vc_row][vc_row row_content_width=&#8221;grid&#8221;][vc_column][\/vc_column][\/vc_row]<\/p>\n","protected":false},"author":1,"featured_media":0,"parent":0,"menu_order":0,"comment_status":"closed","ping_status":"closed","template":"full-width.php","meta":{"footnotes":""},"class_list":["post-5182","page","type-page","status-publish","hentry"],"yoast_head":"<!-- This site is optimized with the Yoast SEO plugin v27.0 - https:\/\/yoast.com\/product\/yoast-seo-wordpress\/ -->\n<title>Umetnost + oblikovanje - Alma Vista<\/title>\n<meta name=\"robots\" content=\"index, follow, max-snippet:-1, max-image-preview:large, max-video-preview:-1\" \/>\n<link rel=\"canonical\" href=\"https:\/\/almavista.si\/art-design\/\" \/>\n<meta property=\"og:locale\" content=\"sl_SI\" \/>\n<meta property=\"og:type\" content=\"article\" \/>\n<meta property=\"og:title\" content=\"Umetnost + oblikovanje - Alma Vista\" \/>\n<meta property=\"og:description\" content=\"[vc_row anchor_button=&#8221;yes&#8221; anchor_button_text=&#8221;SCROLL DOWN&#8221; css=&#8221;.vc_custom_1565092692331{margin-right: 40px !important;margin-left: 40px !important;}&#8221; anchor_button_section=&#8221;property&#8221; parallax_background_image=&#8221;5791&#8243;][vc_column][\/vc_column][\/vc_row][vc_row row_content_width=&#8221;grid&#8221;][vc_column width=&#8221;1\/2&#8243;][\/vc_column][vc_column width=&#8221;1\/2&#8243;][vc_empty_space height=&#8221;140px&#8221; el_class=&#8221;hidden-on-mobile&#8221;][vc_empty_space height=&#8221;100px&#8221; el_class=&#8221;hidden-on-desktop&#8221;][\/vc_column][\/vc_row][vc_row row_content_width=&#8221;grid&#8221; css=&#8221;.vc_custom_1544618835169{padding-top: 10px !important;}&#8221;][vc_column][\/vc_column][\/vc_row][vc_row row_content_width=&#8221;grid&#8221;][vc_column][\/vc_column][\/vc_row]\" \/>\n<meta property=\"og:url\" content=\"https:\/\/almavista.si\/art-design\/\" \/>\n<meta property=\"og:site_name\" content=\"Alma Vista\" \/>\n<meta property=\"article:publisher\" content=\"https:\/\/www.facebook.com\/almavista.si\" \/>\n<meta property=\"article:modified_time\" content=\"2026-02-13T11:47:31+00:00\" \/>\n<meta name=\"twitter:card\" content=\"summary_large_image\" \/>\n<meta name=\"twitter:label1\" content=\"Est. reading time\" \/>\n\t<meta name=\"twitter:data1\" content=\"2 minuti\" \/>\n<script type=\"application\/ld+json\" class=\"yoast-schema-graph\">{\"@context\":\"https:\/\/schema.org\",\"@graph\":[{\"@type\":\"WebPage\",\"@id\":\"https:\/\/almavista.si\/art-design\/\",\"url\":\"https:\/\/almavista.si\/art-design\/\",\"name\":\"Umetnost + oblikovanje - Alma Vista\",\"isPartOf\":{\"@id\":\"https:\/\/almavista.si\/#website\"},\"datePublished\":\"2018-12-19T14:11:20+00:00\",\"dateModified\":\"2026-02-13T11:47:31+00:00\",\"breadcrumb\":{\"@id\":\"https:\/\/almavista.si\/art-design\/#breadcrumb\"},\"inLanguage\":\"sl-SI\",\"potentialAction\":[{\"@type\":\"ReadAction\",\"target\":[\"https:\/\/almavista.si\/art-design\/\"]}]},{\"@type\":\"BreadcrumbList\",\"@id\":\"https:\/\/almavista.si\/art-design\/#breadcrumb\",\"itemListElement\":[{\"@type\":\"ListItem\",\"position\":1,\"name\":\"Home\",\"item\":\"https:\/\/almavista.si\/sl\/alma-vista-vila-in-vino\/\"},{\"@type\":\"ListItem\",\"position\":2,\"name\":\"Umetnost + oblikovanje\"}]},{\"@type\":\"WebSite\",\"@id\":\"https:\/\/almavista.si\/#website\",\"url\":\"https:\/\/almavista.si\/\",\"name\":\"Alma Vista\",\"description\":\"vila in vino\",\"publisher\":{\"@id\":\"https:\/\/almavista.si\/#organization\"},\"potentialAction\":[{\"@type\":\"SearchAction\",\"target\":{\"@type\":\"EntryPoint\",\"urlTemplate\":\"https:\/\/almavista.si\/?s={search_term_string}\"},\"query-input\":{\"@type\":\"PropertyValueSpecification\",\"valueRequired\":true,\"valueName\":\"search_term_string\"}}],\"inLanguage\":\"sl-SI\"},{\"@type\":\"Organization\",\"@id\":\"https:\/\/almavista.si\/#organization\",\"name\":\"Alma Vista\",\"url\":\"https:\/\/almavista.si\/\",\"logo\":{\"@type\":\"ImageObject\",\"inLanguage\":\"sl-SI\",\"@id\":\"https:\/\/almavista.si\/#\/schema\/logo\/image\/\",\"url\":\"https:\/\/almavista.si\/wp-content\/uploads\/2018\/12\/logo_2.png\",\"contentUrl\":\"https:\/\/almavista.si\/wp-content\/uploads\/2018\/12\/logo_2.png\",\"width\":304,\"height\":64,\"caption\":\"Alma Vista\"},\"image\":{\"@id\":\"https:\/\/almavista.si\/#\/schema\/logo\/image\/\"},\"sameAs\":[\"https:\/\/www.facebook.com\/almavista.si\",\"https:\/\/www.instagram.com\/alma_vista\/\"]}]}<\/script>\n<!-- \/ Yoast SEO plugin. -->","yoast_head_json":{"title":"Umetnost + oblikovanje - Alma Vista","robots":{"index":"index","follow":"follow","max-snippet":"max-snippet:-1","max-image-preview":"max-image-preview:large","max-video-preview":"max-video-preview:-1"},"canonical":"https:\/\/almavista.si\/art-design\/","og_locale":"sl_SI","og_type":"article","og_title":"Umetnost + oblikovanje - Alma Vista","og_description":"[vc_row anchor_button=&#8221;yes&#8221; anchor_button_text=&#8221;SCROLL DOWN&#8221; css=&#8221;.vc_custom_1565092692331{margin-right: 40px !important;margin-left: 40px !important;}&#8221; anchor_button_section=&#8221;property&#8221; parallax_background_image=&#8221;5791&#8243;][vc_column][\/vc_column][\/vc_row][vc_row row_content_width=&#8221;grid&#8221;][vc_column width=&#8221;1\/2&#8243;][\/vc_column][vc_column width=&#8221;1\/2&#8243;][vc_empty_space height=&#8221;140px&#8221; el_class=&#8221;hidden-on-mobile&#8221;][vc_empty_space height=&#8221;100px&#8221; el_class=&#8221;hidden-on-desktop&#8221;][\/vc_column][\/vc_row][vc_row row_content_width=&#8221;grid&#8221; css=&#8221;.vc_custom_1544618835169{padding-top: 10px !important;}&#8221;][vc_column][\/vc_column][\/vc_row][vc_row row_content_width=&#8221;grid&#8221;][vc_column][\/vc_column][\/vc_row]","og_url":"https:\/\/almavista.si\/art-design\/","og_site_name":"Alma Vista","article_publisher":"https:\/\/www.facebook.com\/almavista.si","article_modified_time":"2026-02-13T11:47:31+00:00","twitter_card":"summary_large_image","twitter_misc":{"Est. reading time":"2 minuti"},"schema":{"@context":"https:\/\/schema.org","@graph":[{"@type":"WebPage","@id":"https:\/\/almavista.si\/art-design\/","url":"https:\/\/almavista.si\/art-design\/","name":"Umetnost + oblikovanje - Alma Vista","isPartOf":{"@id":"https:\/\/almavista.si\/#website"},"datePublished":"2018-12-19T14:11:20+00:00","dateModified":"2026-02-13T11:47:31+00:00","breadcrumb":{"@id":"https:\/\/almavista.si\/art-design\/#breadcrumb"},"inLanguage":"sl-SI","potentialAction":[{"@type":"ReadAction","target":["https:\/\/almavista.si\/art-design\/"]}]},{"@type":"BreadcrumbList","@id":"https:\/\/almavista.si\/art-design\/#breadcrumb","itemListElement":[{"@type":"ListItem","position":1,"name":"Home","item":"https:\/\/almavista.si\/sl\/alma-vista-vila-in-vino\/"},{"@type":"ListItem","position":2,"name":"Umetnost + oblikovanje"}]},{"@type":"WebSite","@id":"https:\/\/almavista.si\/#website","url":"https:\/\/almavista.si\/","name":"Alma Vista","description":"vila in vino","publisher":{"@id":"https:\/\/almavista.si\/#organization"},"potentialAction":[{"@type":"SearchAction","target":{"@type":"EntryPoint","urlTemplate":"https:\/\/almavista.si\/?s={search_term_string}"},"query-input":{"@type":"PropertyValueSpecification","valueRequired":true,"valueName":"search_term_string"}}],"inLanguage":"sl-SI"},{"@type":"Organization","@id":"https:\/\/almavista.si\/#organization","name":"Alma Vista","url":"https:\/\/almavista.si\/","logo":{"@type":"ImageObject","inLanguage":"sl-SI","@id":"https:\/\/almavista.si\/#\/schema\/logo\/image\/","url":"https:\/\/almavista.si\/wp-content\/uploads\/2018\/12\/logo_2.png","contentUrl":"https:\/\/almavista.si\/wp-content\/uploads\/2018\/12\/logo_2.png","width":304,"height":64,"caption":"Alma Vista"},"image":{"@id":"https:\/\/almavista.si\/#\/schema\/logo\/image\/"},"sameAs":["https:\/\/www.facebook.com\/almavista.si","https:\/\/www.instagram.com\/alma_vista\/"]}]}},"_links":{"self":[{"href":"https:\/\/almavista.si\/sl\/wp-json\/wp\/v2\/pages\/5182","targetHints":{"allow":["GET"]}}],"collection":[{"href":"https:\/\/almavista.si\/sl\/wp-json\/wp\/v2\/pages"}],"about":[{"href":"https:\/\/almavista.si\/sl\/wp-json\/wp\/v2\/types\/page"}],"author":[{"embeddable":true,"href":"https:\/\/almavista.si\/sl\/wp-json\/wp\/v2\/users\/1"}],"replies":[{"embeddable":true,"href":"https:\/\/almavista.si\/sl\/wp-json\/wp\/v2\/comments?post=5182"}],"version-history":[{"count":33,"href":"https:\/\/almavista.si\/sl\/wp-json\/wp\/v2\/pages\/5182\/revisions"}],"predecessor-version":[{"id":11010,"href":"https:\/\/almavista.si\/sl\/wp-json\/wp\/v2\/pages\/5182\/revisions\/11010"}],"wp:attachment":[{"href":"https:\/\/almavista.si\/sl\/wp-json\/wp\/v2\/media?parent=5182"}],"curies":[{"name":"wp","href":"https:\/\/api.w.org\/{rel}","templated":true}]}}