{"id":6889,"date":"2021-06-08T09:03:43","date_gmt":"2021-06-08T09:03:43","guid":{"rendered":"https:\/\/almavista.si\/?page_id=6889"},"modified":"2021-06-08T09:03:43","modified_gmt":"2021-06-08T09:03:43","slug":"cenik","status":"publish","type":"page","link":"https:\/\/almavista.si\/sl\/cenik\/","title":{"rendered":"Cenik"},"content":{"rendered":"<div class=\"wpb-content-wrapper\"><p>[vc_row equal_height=&#8221;yes&#8221; row_content_width=&#8221;grid&#8221;][vc_column css=&#8221;.vc_custom_1548238832960{background-color: #ffffff !important;}&#8221;][vc_empty_space height=&#8221;150px&#8221;][\/vc_column][\/vc_row][vc_row equal_height=&#8221;yes&#8221; row_content_width=&#8221;grid&#8221;][vc_column width=&#8221;1\/2&#8243; css=&#8221;.vc_custom_1548238824457{background-color: #ffffff !important;}&#8221;]<div class=\"mkdf-elements-holder   mkdf-one-column  mkdf-responsive-mode-768 mkdf-one-column-alignment-center\" ><div class=\"mkdf-eh-item   mkdf-horizontal-alignment-center \"  data-item-class=\"mkdf-eh-custom-9459\">\n\t<div class=\"mkdf-eh-item-inner\">\n\t\t<div class=\"mkdf-eh-item-content mkdf-eh-custom-9459\" >\n\t\t\t<div class=\"mkdf-section-title-holder  mkdf-st-standard mkdf-st-title-left mkdf-st-normal-space \" style=\"text-align: center\">\n\t<div class=\"mkdf-st-inner\">\n                    <h6 class=\"mkdf-st-subtitle\" >\n                REZERVACIJE            <\/h6>\n        \t\t\t\t\t<h1 class=\"mkdf-st-title\" >\n\t\t\t\tRezervirajte svoj termin\t\t\t<\/h1>\n\t\t        <div class=\"mkdf-svg-separator-holder mkdf-svg-separator-small\">\n    <div class=\"mkdf-svg-separator mkdf-svg-frames-class\" data-svg-frames=\"15\" data-svg-drawing=\"yes\" >\n        <svg version=\"1.1\"  id=\"layer_525\" xmlns=\"http:\/\/www.w3.org\/2000\/svg\" xmlns:xlink=\"http:\/\/www.w3.org\/1999\/xlink\" x=\"0px\" y=\"0px\"\n             width=\"65.167px\" height=\"11.917px\" viewBox=\"0 0 65.167 11.917\" enable-background=\"new 0 0 65.167 11.917\" xml:space=\"preserve\">\n            <path fill=\"none\" stroke=\"#010101\" stroke-width=\"1\" stroke-miterlimit=\"3\" d=\"M1.045,9.833 9.295,2.083 17.295,9.833\n            24.295,2.083 32.291,9.833 39.294,2.083 47.294,9.833 54.294,2.083 64.287,9.833 \"\/>\n        <\/svg>\n    <\/div>\n<\/div>\t\t\t<\/div>\n<\/div>[vc_empty_space height=&#8221;10px&#8221;][vc_column_text]<\/p>\n<div id=\"besedilo\" style=\"text-align: center;\">\n<div id=\"besedilo\" style=\"text-align: center;\">\n<p>Za rezervacije prosimo izpolnite obrazec na desni ali pa nas pokli\u010dite oziroma nam po\u0161ljite elektronsko po\u0161to na:<\/p>\n<h3><a href=\"tel:+38651688871\">+386 51 68 88 71<\/a> \/ <a href=\"mailto:info@almavista.si\">info@almavista.si<\/a><\/h3>\n<p>s slede\u010dimi podatki:<\/p>\n<ul>\n<li>ime in naslov,<\/li>\n<li>datum prihoda,<\/li>\n<li>trajanje va\u0161ega bivanja (no\u010di),<\/li>\n<li>kontaktnimi podatki,<\/li>\n<li>\u0161tevilo oseb,<\/li>\n<li>vsemi posebnimi \u017eeljami.<\/li>\n<\/ul>\n<p>Vse rezervacije so veljavne, ko so potrjene s strani Alma Viste.<\/p><\/div>\n<p>&nbsp;<\/p>\n<h6>Hvala, da ste izbrali Alma Visto!<\/h6>\n<\/div>\n<p>[\/vc_column_text][vc_empty_space height=&#8221;10px&#8221;][vc_single_image image=&#8221;5454&#8243; img_size=&#8221;249&#215;65&#8243; alignment=&#8221;center&#8221;][vc_empty_space height=&#8221;36px&#8221;]\t\t<\/div>\n\t<\/div>\n<\/div><\/div>[\/vc_column][vc_column width=&#8221;1\/2&#8243; css=&#8221;.vc_custom_1548238832960{background-color: #ffffff !important;}&#8221;]<div class=\"mkdf-elements-holder   mkdf-one-column  mkdf-responsive-mode-768 \" ><div class=\"mkdf-eh-item    \"  data-item-class=\"mkdf-eh-custom-2660\">\n\t<div class=\"mkdf-eh-item-inner\">\n\t\t<div class=\"mkdf-eh-item-content mkdf-eh-custom-2660\" >\n\t\t\t[vc_tta_tabs][vc_tta_section title=&#8221;Kontaktni obrazec&#8221; tab_id=&#8221;1548237681179-b57174da-92e4&#8243;]\n<div class=\"wpcf7 no-js\" id=\"wpcf7-f5345-o1\" lang=\"en-US\" dir=\"ltr\" data-wpcf7-id=\"5345\">\n<div class=\"screen-reader-response\"><p role=\"status\" aria-live=\"polite\" aria-atomic=\"true\"><\/p> <ul><\/ul><\/div>\n<form action=\"\/sl\/wp-json\/wp\/v2\/pages\/6889#wpcf7-f5345-o1\" method=\"post\" class=\"wpcf7-form init\" aria-label=\"Contact form\" novalidate=\"novalidate\" data-status=\"init\">\n<fieldset class=\"hidden-fields-container\"><input type=\"hidden\" name=\"_wpcf7\" value=\"5345\" \/><input type=\"hidden\" name=\"_wpcf7_version\" value=\"6.1.5\" \/><input type=\"hidden\" name=\"_wpcf7_locale\" value=\"en_US\" \/><input type=\"hidden\" name=\"_wpcf7_unit_tag\" value=\"wpcf7-f5345-o1\" \/><input type=\"hidden\" name=\"_wpcf7_container_post\" value=\"0\" \/><input type=\"hidden\" name=\"_wpcf7_posted_data_hash\" value=\"\" \/><input type=\"hidden\" name=\"_wpcf7_recaptcha_response\" value=\"\" \/>\n<\/fieldset>\n<div class=\"booking-information-form\">\n\t<label> Va\u0161e ime*<br \/>\n<span class=\"wpcf7-form-control-wrap\" data-name=\"your-name\"><input size=\"40\" maxlength=\"400\" class=\"wpcf7-form-control wpcf7-text wpcf7-validates-as-required\" aria-required=\"true\" aria-invalid=\"false\" value=\"\" type=\"text\" name=\"your-name\" \/><\/span> <\/label>\n\t\n\t<label> Va\u0161 email*<br \/>\n<span class=\"wpcf7-form-control-wrap\" data-name=\"your-email\"><input size=\"40\" maxlength=\"400\" class=\"wpcf7-form-control wpcf7-email wpcf7-validates-as-required wpcf7-text wpcf7-validates-as-email\" aria-required=\"true\" aria-invalid=\"false\" value=\"\" type=\"email\" name=\"your-email\" \/><\/span> <\/label>\n\t\n\t<label> Va\u0161e sporo\u010dilo<br \/>\n<span class=\"wpcf7-form-control-wrap\" data-name=\"your-message\"><textarea cols=\"40\" rows=\"10\" maxlength=\"2000\" class=\"wpcf7-form-control wpcf7-textarea\" aria-invalid=\"false\" name=\"your-message\"><\/textarea><\/span> <\/label>\n\t\n\t<label>Dodatna zanimanja<\/label><br \/>\n<span class=\"wpcf7-form-control-wrap\" data-name=\"experience-cb\"><span class=\"wpcf7-form-control wpcf7-checkbox\"><span class=\"wpcf7-list-item first\"><label><input type=\"checkbox\" name=\"experience-cb[]\" value=\"Degustacija vin Edi Sim\u010di\u010d\" \/><span class=\"wpcf7-list-item-label\">Degustacija vin Edi Sim\u010di\u010d<\/span><\/label><\/span><span class=\"wpcf7-list-item\"><label><input type=\"checkbox\" name=\"experience-cb[]\" value=\"Spro\u0161\u010dujo\u010da masa\u017ea za pare\" \/><span class=\"wpcf7-list-item-label\">Spro\u0161\u010dujo\u010da masa\u017ea za pare<\/span><\/label><\/span><span class=\"wpcf7-list-item\"><label><input type=\"checkbox\" name=\"experience-cb[]\" value=\"Darilni bon\" \/><span class=\"wpcf7-list-item-label\">Darilni bon<\/span><\/label><\/span><span class=\"wpcf7-list-item last\"><label><input type=\"checkbox\" name=\"experience-cb[]\" value=\"Najem elektri\u010dnega kolesa - po dogovoru\" \/><span class=\"wpcf7-list-item-label\">Najem elektri\u010dnega kolesa - po dogovoru<\/span><\/label><\/span><\/span><\/span>\n\t\n\t<input class=\"wpcf7-form-control wpcf7-submit has-spinner\" type=\"submit\" value=\"Po\u0161ljite\" \/>\n\t\n<\/div><div class=\"wpcf7-response-output\" aria-hidden=\"true\"><\/div>\n<\/form>\n<\/div>\n[\/vc_tta_section][vc_tta_section title=&#8221;Informacije &amp; politika odpovedi&#8221; tab_id=&#8221;1548237681223-ed246233-6238&#8243;][vc_column_text]<strong>Teko\u010di ra\u010dun za pla\u010dilo:<\/strong><\/p>\n<p>IBAN: SI561010 0004 6212 444<br \/>\nBIC: BAKOSI2X<br \/>\nBANKA KOPER D.D.<\/p>\n<p>ALEKS SIM\u010cI\u010c &#8211; dop. dej. na kmetiji,\u00a0SI25276417<br \/>\nVIPOL\u017dE 39A<br \/>\n5212 DOBROVO<\/p>\n<p>&nbsp;<\/p>\n<div><strong>Rezervacije:<\/strong><\/div>\n<div>Za potrditev rezervacije vas prosimo za vpla\u010dilo akontacije v vrednosti 20 % celotne vrednosti nastanitve na na\u0161 ra\u010dun SI56 1010 0004 6212 444. Rezervacija je veljavna \u0161ele po pla\u010dani akontaciji.<\/div>\n<p>&nbsp;<\/p>\n<p>&nbsp;<\/p>\n<p><strong>Odpoved:<\/strong><\/p>\n<ol>\n<li>Brezpla\u010dna odpoved do 30 dni pred prihodom<\/li>\n<li>Znesek za kasnej\u0161o odpoved: 30%<\/li>\n<li>Znesek za odpoved do 7 dni pred prihodom: 70%<\/li>\n<li>Znesek za neprihod: 100%<\/li>\n<\/ol>\n<p>Prijazno vas prosimo, da nas kontaktirate za dokon\u010dno ponudbo.[\/vc_column_text][\/vc_tta_section][\/vc_tta_tabs]\t\t<\/div>\n\t<\/div>\n<\/div><\/div>[\/vc_column][\/vc_row][vc_row equal_height=&#8221;yes&#8221; row_content_width=&#8221;grid&#8221;][vc_column css=&#8221;.vc_custom_1548238832960{background-color: #ffffff !important;}&#8221;][vc_empty_space height=&#8221;150px&#8221;][\/vc_column][\/vc_row]<\/p>\n<\/div>","protected":false},"excerpt":{"rendered":"<p>[vc_row equal_height=&#8221;yes&#8221; row_content_width=&#8221;grid&#8221;][vc_column css=&#8221;.vc_custom_1548238832960{background-color: #ffffff !important;}&#8221;][vc_empty_space height=&#8221;150px&#8221;][\/vc_column][\/vc_row][vc_row equal_height=&#8221;yes&#8221; row_content_width=&#8221;grid&#8221;][vc_column width=&#8221;1\/2&#8243; css=&#8221;.vc_custom_1548238824457{background-color: #ffffff !important;}&#8221;][\/vc_column][vc_column width=&#8221;1\/2&#8243; css=&#8221;.vc_custom_1548238832960{background-color: #ffffff !important;}&#8221;][\/vc_column][\/vc_row][vc_row equal_height=&#8221;yes&#8221; row_content_width=&#8221;grid&#8221;][vc_column css=&#8221;.vc_custom_1548238832960{background-color: #ffffff !important;}&#8221;][vc_empty_space height=&#8221;150px&#8221;][\/vc_column][\/vc_row]<\/p>\n","protected":false},"author":6,"featured_media":0,"parent":0,"menu_order":0,"comment_status":"closed","ping_status":"closed","template":"full-width.php","meta":{"footnotes":""},"class_list":["post-6889","page","type-page","status-publish","hentry"],"yoast_head":"<!-- This site is optimized with the Yoast SEO plugin v27.0 - https:\/\/yoast.com\/product\/yoast-seo-wordpress\/ -->\n<title>Cenik - Alma Vista<\/title>\n<meta name=\"robots\" content=\"index, follow, max-snippet:-1, max-image-preview:large, max-video-preview:-1\" \/>\n<link rel=\"canonical\" href=\"https:\/\/almavista.si\/sl\/cenik\/\" \/>\n<meta property=\"og:locale\" content=\"sl_SI\" \/>\n<meta property=\"og:type\" content=\"article\" \/>\n<meta property=\"og:title\" content=\"Cenik - Alma Vista\" \/>\n<meta property=\"og:description\" content=\"[vc_row equal_height=&#8221;yes&#8221; row_content_width=&#8221;grid&#8221;][vc_column css=&#8221;.vc_custom_1548238832960{background-color: #ffffff !important;}&#8221;][vc_empty_space height=&#8221;150px&#8221;][\/vc_column][\/vc_row][vc_row equal_height=&#8221;yes&#8221; row_content_width=&#8221;grid&#8221;][vc_column width=&#8221;1\/2&#8243; css=&#8221;.vc_custom_1548238824457{background-color: #ffffff !important;}&#8221;][\/vc_column][vc_column width=&#8221;1\/2&#8243; css=&#8221;.vc_custom_1548238832960{background-color: #ffffff !important;}&#8221;][\/vc_column][\/vc_row][vc_row equal_height=&#8221;yes&#8221; row_content_width=&#8221;grid&#8221;][vc_column css=&#8221;.vc_custom_1548238832960{background-color: #ffffff !important;}&#8221;][vc_empty_space height=&#8221;150px&#8221;][\/vc_column][\/vc_row]\" \/>\n<meta property=\"og:url\" content=\"https:\/\/almavista.si\/sl\/cenik\/\" \/>\n<meta property=\"og:site_name\" content=\"Alma Vista\" \/>\n<meta property=\"article:publisher\" content=\"https:\/\/www.facebook.com\/almavista.si\" \/>\n<meta name=\"twitter:card\" content=\"summary_large_image\" \/>\n<meta name=\"twitter:label1\" content=\"Est. reading time\" \/>\n\t<meta name=\"twitter:data1\" content=\"2 minuti\" \/>\n<script type=\"application\/ld+json\" class=\"yoast-schema-graph\">{\"@context\":\"https:\/\/schema.org\",\"@graph\":[{\"@type\":\"WebPage\",\"@id\":\"https:\/\/almavista.si\/sl\/cenik\/\",\"url\":\"https:\/\/almavista.si\/sl\/cenik\/\",\"name\":\"Cenik - Alma Vista\",\"isPartOf\":{\"@id\":\"https:\/\/almavista.si\/#website\"},\"datePublished\":\"2021-06-08T09:03:43+00:00\",\"breadcrumb\":{\"@id\":\"https:\/\/almavista.si\/sl\/cenik\/#breadcrumb\"},\"inLanguage\":\"sl-SI\",\"potentialAction\":[{\"@type\":\"ReadAction\",\"target\":[\"https:\/\/almavista.si\/sl\/cenik\/\"]}]},{\"@type\":\"BreadcrumbList\",\"@id\":\"https:\/\/almavista.si\/sl\/cenik\/#breadcrumb\",\"itemListElement\":[{\"@type\":\"ListItem\",\"position\":1,\"name\":\"Home\",\"item\":\"https:\/\/almavista.si\/sl\/alma-vista-vila-in-vino\/\"},{\"@type\":\"ListItem\",\"position\":2,\"name\":\"Cenik\"}]},{\"@type\":\"WebSite\",\"@id\":\"https:\/\/almavista.si\/#website\",\"url\":\"https:\/\/almavista.si\/\",\"name\":\"Alma Vista\",\"description\":\"vila in vino\",\"publisher\":{\"@id\":\"https:\/\/almavista.si\/#organization\"},\"potentialAction\":[{\"@type\":\"SearchAction\",\"target\":{\"@type\":\"EntryPoint\",\"urlTemplate\":\"https:\/\/almavista.si\/?s={search_term_string}\"},\"query-input\":{\"@type\":\"PropertyValueSpecification\",\"valueRequired\":true,\"valueName\":\"search_term_string\"}}],\"inLanguage\":\"sl-SI\"},{\"@type\":\"Organization\",\"@id\":\"https:\/\/almavista.si\/#organization\",\"name\":\"Alma Vista\",\"url\":\"https:\/\/almavista.si\/\",\"logo\":{\"@type\":\"ImageObject\",\"inLanguage\":\"sl-SI\",\"@id\":\"https:\/\/almavista.si\/#\/schema\/logo\/image\/\",\"url\":\"https:\/\/almavista.si\/wp-content\/uploads\/2018\/12\/logo_2.png\",\"contentUrl\":\"https:\/\/almavista.si\/wp-content\/uploads\/2018\/12\/logo_2.png\",\"width\":304,\"height\":64,\"caption\":\"Alma Vista\"},\"image\":{\"@id\":\"https:\/\/almavista.si\/#\/schema\/logo\/image\/\"},\"sameAs\":[\"https:\/\/www.facebook.com\/almavista.si\",\"https:\/\/www.instagram.com\/alma_vista\/\"]}]}<\/script>\n<!-- \/ Yoast SEO plugin. -->","yoast_head_json":{"title":"Cenik - Alma Vista","robots":{"index":"index","follow":"follow","max-snippet":"max-snippet:-1","max-image-preview":"max-image-preview:large","max-video-preview":"max-video-preview:-1"},"canonical":"https:\/\/almavista.si\/sl\/cenik\/","og_locale":"sl_SI","og_type":"article","og_title":"Cenik - Alma Vista","og_description":"[vc_row equal_height=&#8221;yes&#8221; row_content_width=&#8221;grid&#8221;][vc_column css=&#8221;.vc_custom_1548238832960{background-color: #ffffff !important;}&#8221;][vc_empty_space height=&#8221;150px&#8221;][\/vc_column][\/vc_row][vc_row equal_height=&#8221;yes&#8221; row_content_width=&#8221;grid&#8221;][vc_column width=&#8221;1\/2&#8243; css=&#8221;.vc_custom_1548238824457{background-color: #ffffff !important;}&#8221;][\/vc_column][vc_column width=&#8221;1\/2&#8243; css=&#8221;.vc_custom_1548238832960{background-color: #ffffff !important;}&#8221;][\/vc_column][\/vc_row][vc_row equal_height=&#8221;yes&#8221; row_content_width=&#8221;grid&#8221;][vc_column css=&#8221;.vc_custom_1548238832960{background-color: #ffffff !important;}&#8221;][vc_empty_space height=&#8221;150px&#8221;][\/vc_column][\/vc_row]","og_url":"https:\/\/almavista.si\/sl\/cenik\/","og_site_name":"Alma Vista","article_publisher":"https:\/\/www.facebook.com\/almavista.si","twitter_card":"summary_large_image","twitter_misc":{"Est. reading time":"2 minuti"},"schema":{"@context":"https:\/\/schema.org","@graph":[{"@type":"WebPage","@id":"https:\/\/almavista.si\/sl\/cenik\/","url":"https:\/\/almavista.si\/sl\/cenik\/","name":"Cenik - Alma Vista","isPartOf":{"@id":"https:\/\/almavista.si\/#website"},"datePublished":"2021-06-08T09:03:43+00:00","breadcrumb":{"@id":"https:\/\/almavista.si\/sl\/cenik\/#breadcrumb"},"inLanguage":"sl-SI","potentialAction":[{"@type":"ReadAction","target":["https:\/\/almavista.si\/sl\/cenik\/"]}]},{"@type":"BreadcrumbList","@id":"https:\/\/almavista.si\/sl\/cenik\/#breadcrumb","itemListElement":[{"@type":"ListItem","position":1,"name":"Home","item":"https:\/\/almavista.si\/sl\/alma-vista-vila-in-vino\/"},{"@type":"ListItem","position":2,"name":"Cenik"}]},{"@type":"WebSite","@id":"https:\/\/almavista.si\/#website","url":"https:\/\/almavista.si\/","name":"Alma Vista","description":"vila in vino","publisher":{"@id":"https:\/\/almavista.si\/#organization"},"potentialAction":[{"@type":"SearchAction","target":{"@type":"EntryPoint","urlTemplate":"https:\/\/almavista.si\/?s={search_term_string}"},"query-input":{"@type":"PropertyValueSpecification","valueRequired":true,"valueName":"search_term_string"}}],"inLanguage":"sl-SI"},{"@type":"Organization","@id":"https:\/\/almavista.si\/#organization","name":"Alma Vista","url":"https:\/\/almavista.si\/","logo":{"@type":"ImageObject","inLanguage":"sl-SI","@id":"https:\/\/almavista.si\/#\/schema\/logo\/image\/","url":"https:\/\/almavista.si\/wp-content\/uploads\/2018\/12\/logo_2.png","contentUrl":"https:\/\/almavista.si\/wp-content\/uploads\/2018\/12\/logo_2.png","width":304,"height":64,"caption":"Alma Vista"},"image":{"@id":"https:\/\/almavista.si\/#\/schema\/logo\/image\/"},"sameAs":["https:\/\/www.facebook.com\/almavista.si","https:\/\/www.instagram.com\/alma_vista\/"]}]}},"_links":{"self":[{"href":"https:\/\/almavista.si\/sl\/wp-json\/wp\/v2\/pages\/6889","targetHints":{"allow":["GET"]}}],"collection":[{"href":"https:\/\/almavista.si\/sl\/wp-json\/wp\/v2\/pages"}],"about":[{"href":"https:\/\/almavista.si\/sl\/wp-json\/wp\/v2\/types\/page"}],"author":[{"embeddable":true,"href":"https:\/\/almavista.si\/sl\/wp-json\/wp\/v2\/users\/6"}],"replies":[{"embeddable":true,"href":"https:\/\/almavista.si\/sl\/wp-json\/wp\/v2\/comments?post=6889"}],"version-history":[{"count":3,"href":"https:\/\/almavista.si\/sl\/wp-json\/wp\/v2\/pages\/6889\/revisions"}],"predecessor-version":[{"id":6892,"href":"https:\/\/almavista.si\/sl\/wp-json\/wp\/v2\/pages\/6889\/revisions\/6892"}],"wp:attachment":[{"href":"https:\/\/almavista.si\/sl\/wp-json\/wp\/v2\/media?parent=6889"}],"curies":[{"name":"wp","href":"https:\/\/api.w.org\/{rel}","templated":true}]}}